{"id":557,"date":"2015-05-13T14:59:03","date_gmt":"2015-05-13T12:59:03","guid":{"rendered":"https:\/\/www.hotel-feldmeier.de\/contact-service\/anfahrt\/"},"modified":"2026-04-06T13:27:27","modified_gmt":"2026-04-06T11:27:27","slug":"anfahrt","status":"publish","type":"page","link":"https:\/\/www.hotel-feldmeier.de\/en\/contact-service\/anfahrt\/","title":{"rendered":"Anfahrt und n\u00fctzliche Links"},"content":{"rendered":"<p>Einer der zentralsten Punkte Bayerns: <strong>Oberammergau<\/strong>!<br \/>\nIdealer Ausgangspunkt zu vielen Orten und Sehensw\u00fcrdigkeiten in der N\u00e4he:<br \/>\nSchlo\u00df Linderhof, Schlo\u00df Neuschwanstein, Wieskirche, Kloster Ettal,<br \/>\nGarmisch-Partenkirchen, Seefeld \/ Innsbruck, M\u00fcnchen und vieles mehr.<\/p>\n        <div class=\"gmwd_container_wrapper\">            <div class=\"gmwd_container\">                <div id=\"gmwd_container_1\">                    <script>                        if(typeof gmwdmapData == 'undefined'){                            var gmwdmapData = [];                         }                                                                gmwdmapData[\"widget\" + '1'] = \"\";                                           gmwdmapData[\"mapId\" + '1'] = Number(\"1\");                                           gmwdmapData[\"centerLat\" + '1'] = Number(\"47.59339\");                        gmwdmapData[\"centerLng\" + '1'] = Number(\"11.068179999999984\");\t                        gmwdmapData[\"zoom\" + '1'] = Number(\"15\");                        gmwdmapData[\"mapType\" + '1'] = \"0\";                        gmwdmapData[\"maxZoom\" + '1'] = Number(\"22\");                        gmwdmapData[\"minZoom\" + '1'] = Number(\"2\");                        gmwdmapData[\"mapWhellScrolling\" + '1'] = Number(\"1\") == 1 ? true : false;\t\t\t\t                        gmwdmapData[\"infoWindowOpenOn\" + '1'] = \"click\" ;\t\t\t\t                        gmwdmapData[\"mapDragable\" + '1'] = Number(\"1\") == 1 ? true : false;\t                            gmwdmapData[\"mapDbClickZoom\" + '1'] = Number(\"0\") == 1 ? true : false;\t                                                            gmwdmapData[\"enableZoomControl\" + '1'] = Number(\"1\") == 1 ? true : false;                        gmwdmapData[\"enableMapTypeControl\" + '1'] = Number(\"1\") == 1 ? true : false;\t\t\t                        gmwdmapData[\"mapTypeControlOptions\" + '1'] = {};                                                gmwdmapData[\"enableScaleControl\" + '1'] = Number(\"1\") == 1 ? true : false;                        gmwdmapData[\"enableStreetViewControl\" + '1'] = Number(\"1\") == 1 ? true : false;                        gmwdmapData[\"enableFullscreenControl\" + '1'] = Number(\"0\") == 1 ? true : false;                        gmwdmapData[\"enableRotateControl\" + '1'] = Number(\"1\") == 1 ? true : false;                        gmwdmapData[\"mapTypeControlPosition\" + '1'] = Number(\"0\");                                                gmwdmapData[\"zoomControlPosition\" + '1'] = Number(\"0\");                        gmwdmapData[\"streetViewControlPosition\" + '1'] = Number(\"0\");                                                gmwdmapData[\"fullscreenControlPosition\" + '1'] = Number(\"0\");                                                gmwdmapData[\"mapTypeControlStyle\" + '1'] = Number(\"0\");\t\t\t\t                        gmwdmapData[\"mapBorderRadius\" + '1'] = \"\";                        gmwdmapData[\"enableBykeLayer\" + '1'] =  Number(\"0\");\t                        gmwdmapData[\"enableTrafficLayer\" + '1'] =  Number(\"0\");\t\t\t\t                        gmwdmapData[\"enableTransitLayer\" + '1'] =  Number(\"0\");\t                        gmwdmapData[\"geoRSSURL\" + '1'] = \"\";\t                        gmwdmapData[\"KMLURL\" + '1'] = \"\";\t                        gmwdmapData[\"fusionTableId\" + '1'] = '';\t                                        gmwdmapData[\"mapTheme\" + '1'] = '';\t\t\t                        gmwdmapData[\"mapMarkers\" + '1'] = JSON.parse('{\"8\":{\"id\":\"8\",\"map_id\":\"1\",\"lat\":\"47.59339\",\"lng\":\"11.068179999999984\",\"category\":\"0\",\"title\":\"Hotel Feldmeier\",\"address\":\"Ettaler Str. 29, 82487 Oberammergau\",\"animation\":\"NONE\",\"enable_info_window\":\"1\",\"info_window_open\":\"1\",\"marker_size\":\"32\",\"custom_marker_url\":\"\",\"choose_marker_icon\":\"1\",\"description\":\"\",\"link_url\":\"\",\"pic_url\":\"\",\"published\":\"1\"}}');                        gmwdmapData[\"mapPolygons\" + '1'] =  JSON.parse('[]');                        gmwdmapData[\"mapPolylines\" + '1'] = JSON.parse('[]');                                                gmwdmapData[\"enableCategoryFilter\" + '1'] = \"0\";                                                gmwdmapData[\"enableDirections\" + '1'] = \"0\";                        gmwdmapData[\"enableStoreLocatior\" + '1'] = \"0\";                        gmwdmapData[\"storeLocatorDistanceIn\" + '1'] = \"km\";                                                gmwdmapData[\"storeLocatorStrokeWidth\" + '1'] = Number(\"2\");                        gmwdmapData[\"storeLocatorFillColor\" + '1'] = \"#\" + \"7FDF16\";                        gmwdmapData[\"storeLocatorFillOpacity\" + '1'] = Number(\"0.3\");                        gmwdmapData[\"storeLocatorLineColor\" + '1'] = \"#\" + \"000\";                        gmwdmapData[\"storeLocatorLineOpacity\" + '1'] = Number(\"0.6\");                                                gmwdmapData[\"markerListingType\" + '1'] = \"0\";                        gmwdmapData[\"markerListInsideMap\" + '1'] = \"0\";                        gmwdmapData[\"markerListPosition\" + '1'] = Number(\"0\");                        gmwdmapData[\"infoWindowInfo\" + '1'] = \"title,address,desc,pic\";                        gmwdmapData[\"advancedInfoWindowPosition\" + '1'] = Number(\"10\");                        gmwdmapData[\"geolocateUser\" + '1'] = Number(\"0\");                        gmwdmapData[\"items\" + '1'] = \"3\";                                                gmwdmapData[\"enableSerchBox\" + '1'] = \"0\";                        gmwdmapData[\"serchBoxPosition\" + '1'] = Number(\"3\");                                                gmwdmapData[\"allMarkers\" + '1'] = [];                               gmwdmapData[\"allPolygons\" + '1'] = [];                        gmwdmapData[\"allPolygonMarkers\" + '1'] = [];                        gmwdmapData[\"allPolylines\" + '1'] = [];                        gmwdmapData[\"allPolylineMarkers\" + '1'] = [];                        gmwdmapData[\"infoWindows\" + '1'] = [];                        gmwdmapData[\"ajaxData\" + '1']  = {};                                                var ajaxURL = \"https:\/\/www.hotel-feldmeier.de\/_wordpress\/wp-admin\/admin-ajax.php\";                        var markerDefaultIcon = \"\";                        var GMWD_URL = \"https:\/\/www.hotel-feldmeier.de\/_wordpress\/wp-content\/plugins\/wd-google-maps\";                        jQuery( document ).ready(function() {\t\t\t\t\t                            gmwdInitMainMap(\"wd-map1\",false, '1');                            gmwdReadyFunction('1');                        });                    <\/script>                                        <div class=\"wd-clear\">                        <div id=\"wd-map1\" class=\"wd-row \" style=\"margin-right:auto; margin-left:auto; height:500px; width:90%\"><\/div>                    <\/div>                                                                <\/div>            <\/div>\t\t<\/div>\t\t\n<p>F\u00fcr ein genaueres Lagebild bitte in die Karte zoomen.<br \/>\nRoutenplaner mit <a href=\"https:\/\/maps.google.com\" target=\"_blank\" rel=\"noopener\">Goole Maps hier klicken.\u00a0<\/a><\/p>\n<p><strong>So finden Sie uns in Oberammergau:\u00a0<\/strong><\/p>\n<p>Von Oberau \/ Garmisch-Partenkirchen \/ M\u00fcnchen:<br \/>\n<b>Erste Ausfahrt Oberammergau,<\/b><br \/>\nauf der Ettalerstra\u00dfe nach ca. 800 m an der rechten Seite ist unser Hotel<\/p>\n<p>Von Augsburg \/ Landsberg \/ Schongau:<br \/>\n<b>Zweite Ausfahrt Oberammergau,<\/b><br \/>\nauf der Ettalerstra\u00dfe nach ca. 800 m an der rechten Seite ist unser Hotel.<\/p>\n<p>Sie k\u00f6nnen mit dem Auto direkt in der Einfahrt halten und ausladen.<br \/>\nPrivatparkpl\u00e4tze und Tiefgarage befinden sich hinterm Haus.<\/p>\n<div class=\"mceTemp\"><\/div>\n<p><strong>Anreise mit \u00f6ffentlichen Verkehrsmitteln:<\/strong><\/p>\n<p>Mit der Bahn zum Bahnhof Oberammmergau &#8211; von dort aus mit dem Taxi zum Hotel Feldmeier.<br \/>\nLink zur Planung mit der<a href=\"https:\/\/www.bahn.de\" target=\"_blank\" rel=\"noopener\"> Deutschen Bahn hier klicken<\/a>.<br \/>\nAlternativ mit dem <a href=\"https:\/\/www.dbregiobus-bayern.de\/\" target=\"_blank\" rel=\"noopener\">Regionalverkehr Oberbayern (hier klicken).<\/a><\/p>\n<p>&nbsp;<\/p>\n<p>&nbsp;<\/p>\n<div style=\"width: 461px\" class=\"wp-caption aligncenter\"><a href=\"http:\/\/www.laber-bergbahn.de\/webcam\/nord\/image.jpg\" data-rel=\"lightbox-gallery-mjaPn4y3\" data-rl_title=\"\" data-rl_caption=\"\" title=\"\"><img decoding=\"async\" loading=\"lazy\" class=\"\" src=\"http:\/\/www.laber-bergbahn.de\/webcam\/nord\/image.jpg\" alt=\"\" width=\"451\" height=\"338\" \/><\/a><p class=\"wp-caption-text\">Aktueller Blick vom Laber auf Oberammergau und das Ammertal<\/p><\/div>\n<p>&nbsp;<\/p>\n<table style=\"height: 62px; border-color: #000000;\" width=\"441\" align=\"center\">\n<tbody>\n<tr>\n<td>\n<h3>\u00a0N\u00fctzliche Links<\/h3>\n<\/td>\n<\/tr>\n<tr>\n<td><img decoding=\"async\" loading=\"lazy\" class=\"alignnone size-full wp-image-1017\" src=\"https:\/\/www.hotel-feldmeier.de\/_wordpress\/wp-content\/uploads\/impressum_icon_ds.gif\" alt=\"\" width=\"21\" height=\"14\" \/><a href=\"https:\/\/www.passion2020-gallist.com\/\" target=\"_blank\" rel=\"noopener\">Information &amp; Buchung <strong>Passionsspiele 2020<\/strong><\/a><\/p>\n<p><a href=\"http:\/\/www.passionstheater.de\" target=\"_blank\" rel=\"noopener noreferrer\"><img decoding=\"async\" loading=\"lazy\" class=\"alignnone size-full wp-image-448\" src=\"https:\/\/www.hotel-feldmeier.de\/_wordpress\/wp-content\/uploads\/passionstheater_logo2.gif\" alt=\"Passionstheater.de\" width=\"200\" height=\"111\" \/><\/a><\/p>\n<ul>\n<li><a href=\"http:\/\/www.oberammergau.de\" target=\"_blank\" rel=\"noopener noreferrer\">Oberammergau<\/a><\/li>\n<li><a href=\"http:\/\/www.schaukaeserei-ettal.de\/\" target=\"_blank\" rel=\"noopener noreferrer\">Schauk\u00e4serei Ammergauer Alpen in Ettal<\/a><\/li>\n<li><a style=\"font-family: inherit; font-size: inherit; line-height: 1.5;\" href=\"http:\/\/www.kloster-ettal.de\" target=\"_blank\" rel=\"noopener noreferrer\">Kloster Ettal<\/a><\/li>\n<li><a style=\"font-family: inherit; font-size: inherit; line-height: 1.5;\" href=\"http:\/\/www.neuschwanstein.de\" target=\"_blank\" rel=\"noopener noreferrer\">Schloss Neuschwanstein<\/a><\/li>\n<li><a style=\"font-family: inherit; font-size: inherit; line-height: 1.5;\" href=\"http:\/\/www.glentleiten.de\" target=\"_blank\" rel=\"noopener noreferrer\">Freilichtmuseum Glentleiten<\/a><\/li>\n<li><a style=\"font-family: inherit; font-size: inherit; line-height: 1.5;\" href=\"http:\/\/www.linderhof.de\" target=\"_blank\" rel=\"noopener noreferrer\">Schloss Linderhof<\/a><\/li>\n<li><a style=\"font-family: inherit; font-size: inherit; line-height: 1.5;\" href=\"http:\/\/www.koenig-ludwig-lauf.com\" target=\"_blank\" rel=\"noopener noreferrer\">K\u00f6nig-Ludwig-Lauf in Oberammergau<\/a><\/li>\n<\/ul>\n<\/td>\n<\/tr>\n<\/tbody>\n<\/table>\n<p>&nbsp;<\/p>\n<p>&nbsp;<\/p>\n<p>&nbsp;<\/p>\n<p>&nbsp;<\/p>\n","protected":false},"excerpt":{"rendered":"<p>Einer der zentralsten Punkte Bayerns: Oberammergau! Idealer Ausgangspunkt zu vielen Orten und Sehensw\u00fcrdigkeiten in der N\u00e4he: Schlo\u00df Linderhof, Schlo\u00df Neuschwanstein, Wieskirche, Kloster Ettal, Garmisch-Partenkirchen, Seefeld \/ Innsbruck, M\u00fcnchen und vieles [&hellip;]<\/p>\n","protected":false},"author":1,"featured_media":1311,"parent":553,"menu_order":0,"comment_status":"closed","ping_status":"closed","template":"","meta":[],"acf":[],"_links":{"self":[{"href":"https:\/\/www.hotel-feldmeier.de\/en\/wp-json\/wp\/v2\/pages\/557\/"}],"collection":[{"href":"https:\/\/www.hotel-feldmeier.de\/en\/wp-json\/wp\/v2\/pages\/"}],"about":[{"href":"https:\/\/www.hotel-feldmeier.de\/en\/wp-json\/wp\/v2\/types\/page\/"}],"author":[{"embeddable":true,"href":"https:\/\/www.hotel-feldmeier.de\/en\/wp-json\/wp\/v2\/users\/1\/"}],"replies":[{"embeddable":true,"href":"https:\/\/www.hotel-feldmeier.de\/en\/wp-json\/wp\/v2\/comments\/?post=557"}],"version-history":[{"count":18,"href":"https:\/\/www.hotel-feldmeier.de\/en\/wp-json\/wp\/v2\/pages\/557\/revisions\/"}],"predecessor-version":[{"id":1313,"href":"https:\/\/www.hotel-feldmeier.de\/en\/wp-json\/wp\/v2\/pages\/557\/revisions\/1313\/"}],"up":[{"embeddable":true,"href":"https:\/\/www.hotel-feldmeier.de\/en\/wp-json\/wp\/v2\/pages\/553\/"}],"wp:featuredmedia":[{"embeddable":true,"href":"https:\/\/www.hotel-feldmeier.de\/en\/wp-json\/wp\/v2\/media\/1311\/"}],"wp:attachment":[{"href":"https:\/\/www.hotel-feldmeier.de\/en\/wp-json\/wp\/v2\/media\/?parent=557"}],"curies":[{"name":"wp","href":"https:\/\/api.w.org\/{rel}","templated":true}]}}